{"id":961,"date":"2019-09-10T17:16:54","date_gmt":"2019-09-10T15:16:54","guid":{"rendered":"https:\/\/afrique.inexence.group\/?page_id=961"},"modified":"2020-07-31T16:17:47","modified_gmt":"2020-07-31T14:17:47","slug":"competences","status":"publish","type":"page","link":"https:\/\/afrique.inexence.group\/en\/competences\/","title":{"rendered":"Our Skills"},"content":{"rendered":"<div class=\"wpb-content-wrapper\"><div class=\"vc_row wpb_row vc_row-fluid\"><div class=\"wpb_column vc_column_container vc_col-sm-12 sc_layouts_column_icons_position_left\"><div class=\"vc_column-inner\"><div class=\"wpb_wrapper\">\n<div class=\"vc_grid-container-wrapper vc_clearfix vc_grid-animation-fadeIn\">\n\t<div class=\"vc_grid-container vc_clearfix wpb_content_element vc_basic_grid articles\" data-initial-loading-animation=\"fadeIn\" data-vc-grid-settings=\"{&quot;page_id&quot;:961,&quot;style&quot;:&quot;load-more&quot;,&quot;action&quot;:&quot;vc_get_vc_grid_data&quot;,&quot;shortcode_id&quot;:&quot;1568128577334-d3fdd73b-7f2a-0&quot;,&quot;items_per_page&quot;:&quot;10&quot;,&quot;btn_data&quot;:{&quot;title&quot;:&quot;Load more&quot;,&quot;style&quot;:&quot;flat&quot;,&quot;gradient_color_1&quot;:&quot;&quot;,&quot;gradient_color_2&quot;:&quot;&quot;,&quot;gradient_custom_color_1&quot;:&quot;&quot;,&quot;gradient_custom_color_2&quot;:&quot;&quot;,&quot;gradient_text_color&quot;:&quot;&quot;,&quot;custom_background&quot;:&quot;#ededed&quot;,&quot;custom_text&quot;:&quot;#666&quot;,&quot;outline_custom_color&quot;:&quot;#666&quot;,&quot;outline_custom_hover_background&quot;:&quot;#666&quot;,&quot;outline_custom_hover_text&quot;:&quot;#fff&quot;,&quot;shape&quot;:&quot;rounded&quot;,&quot;color&quot;:&quot;default&quot;,&quot;size&quot;:&quot;md&quot;,&quot;align&quot;:&quot;inline&quot;,&quot;button_block&quot;:&quot;&quot;,&quot;add_icon&quot;:&quot;&quot;,&quot;i_align&quot;:&quot;left&quot;,&quot;i_type&quot;:&quot;fontawesome&quot;,&quot;i_icon_fontawesome&quot;:&quot;fas fa-adjust&quot;,&quot;i_icon_openiconic&quot;:&quot;vc-oi vc-oi-dial&quot;,&quot;i_icon_typicons&quot;:&quot;typcn typcn-adjust-brightness&quot;,&quot;i_icon_entypo&quot;:&quot;entypo-icon entypo-icon-note&quot;,&quot;i_icon_linecons&quot;:&quot;vc_li vc_li-heart&quot;,&quot;i_icon_monosocial&quot;:&quot;&quot;,&quot;i_icon_material&quot;:&quot;&quot;,&quot;i_icon_pixelicons&quot;:&quot;vc_pixel_icon vc_pixel_icon-alert&quot;,&quot;el_id&quot;:&quot;&quot;,&quot;custom_onclick&quot;:&quot;&quot;,&quot;custom_onclick_code&quot;:&quot;&quot;},&quot;tag&quot;:&quot;vc_basic_grid&quot;}\" data-vc-request=\"https:\/\/afrique.inexence.group\/wp-admin\/admin-ajax.php\" data-vc-post-id=\"961\" data-vc-public-nonce=\"9207657b8c\">\n\t\t<style data-type=\"vc_shortcodes-custom-css\">.vc_custom_1568128525495{padding-top: 2em !important;padding-right: 4em !important;padding-bottom: 2em !important;padding-left: 4em !important;}<\/style><div class=\"vc_grid vc_row vc_pageable-wrapper vc_hook_hover\" data-vc-pageable-content=\"true\"><div class=\"vc_pageable-slide-wrapper vc_clearfix\" data-vc-grid-content=\"true\"><div class=\"vc_grid-item vc_clearfix vc_col-sm-4 vc_grid-item-zone-c-bottom\"><div class=\"vc_grid-item-mini vc_clearfix\"><div class=\"vc_gitem-animated-block  vc_gitem-animate vc_gitem-animate-scaleIn\"  data-vc-animation=\"scaleIn\"><div class=\"vc_gitem-zone vc_gitem-zone-a articles vc-gitem-zone-height-mode-auto vc-gitem-zone-height-mode-auto-16-9 vc_gitem-is-link\" style=\"background-image: url('https:\/\/afrique.inexence.group\/wp-content\/uploads\/sites\/15\/2020\/03\/Solutions-de-lutte-contre-l\u2019e\u0301rosion-et-protection-des-berges-issues-du-Ge\u0301nie-Ve\u0301ge\u0301tal-5-1024x311.jpg') !important;\"><a href=\"https:\/\/afrique.inexence.group\/en\/solutions-de-lutte-contre-lerosion-et-protection-des-berges-issues-du-genie-vegetal\/\" title=\"Solutions against erosion and protection of banks from Plant Engineering\" class=\"vc_gitem-link vc-zone-link\" ><\/a><img decoding=\"async\" class=\"vc_gitem-zone-img\" src=\"https:\/\/afrique.inexence.group\/wp-content\/uploads\/sites\/15\/2020\/03\/Solutions-de-lutte-contre-l\u2019e\u0301rosion-et-protection-des-berges-issues-du-Ge\u0301nie-Ve\u0301ge\u0301tal-5-1024x311.jpg\" alt=\"protection des berges\" loading=\"lazy\"><div class=\"vc_gitem-zone-mini\"><\/div><\/div><\/div><div class=\"vc_gitem-zone vc_gitem-zone-c\"><div class=\"vc_gitem-zone-mini\"><div class=\"vc_gitem_row vc_row vc_gitem-row-position-top\"><div class=\"vc_col-sm-12 vc_gitem-col vc_gitem-col-align- vc_custom_1568128525495\"><div class=\"vc_custom_heading titre-grille-article vc_gitem-post-data vc_gitem-post-data-source-post_title\" ><h4 style=\"text-align: center\" ><a href=\"https:\/\/afrique.inexence.group\/en\/solutions-de-lutte-contre-lerosion-et-protection-des-berges-issues-du-genie-vegetal\/\" class=\"vc_gitem-link\" title=\"Solutions against erosion and protection of banks from Plant Engineering\">Solutions against erosion and protection of banks from Plant Engineering<\/a><\/h4><\/div><div class=\"vc_custom_heading vc_gitem-post-data vc_gitem-post-data-source-post_excerpt\" ><div style=\"text-align: justify\" >3 entreprises Ivoiriennes, avec l\u2019aide de l\u2019Universit\u00e9 Houphou\u00ebt Boigny, ont d\u00e9cid\u00e9 de s\u2019unir pour vous offrir des Solutions Innovantes de : Lutte contre l\u2019Erosion des Pentes et Talus Protection des Berges de cours d\u2019Eau, de Canaux et de Zones Lagunaires Am\u00e9nagement d\u2019Espaces verts Ces solutions issues du G\u00e9nie V\u00e9g\u00e9tal font appel \u00e0 une mati\u00e8re premi\u00e8re produite et transform\u00e9e localement, la&hellip;<\/div><\/div><div class=\"vc_btn3-container vc_btn3-center\"><a class=\"vc_general vc_btn3 vc_btn3-size-md vc_btn3-shape-square vc_btn3-style-flat vc_btn3-color-black\" a href=\"https:\/\/afrique.inexence.group\/en\/solutions-de-lutte-contre-lerosion-et-protection-des-berges-issues-du-genie-vegetal\/\" title=\"Read more\">Read more<\/a><\/div><\/div><\/div><\/div><\/div><\/div><div class=\"vc_clearfix\"><\/div><\/div><div class=\"vc_grid-item vc_clearfix vc_col-sm-4 vc_grid-item-zone-c-bottom\"><div class=\"vc_grid-item-mini vc_clearfix\"><div class=\"vc_gitem-animated-block  vc_gitem-animate vc_gitem-animate-scaleIn\"  data-vc-animation=\"scaleIn\"><div class=\"vc_gitem-zone vc_gitem-zone-a articles vc-gitem-zone-height-mode-auto vc-gitem-zone-height-mode-auto-16-9 vc_gitem-is-link\" style=\"background-image: url('https:\/\/afrique.inexence.group\/wp-content\/uploads\/sites\/15\/2019\/09\/amenagement-paysager-1024x576.jpg') !important;\"><a href=\"https:\/\/afrique.inexence.group\/en\/amenagements-paysagers\/\" title=\"Landscaping\" class=\"vc_gitem-link vc-zone-link\" ><\/a><img decoding=\"async\" class=\"vc_gitem-zone-img\" src=\"https:\/\/afrique.inexence.group\/wp-content\/uploads\/sites\/15\/2019\/09\/amenagement-paysager-1024x576.jpg\" alt=\"amenagement-paysager\" loading=\"lazy\"><div class=\"vc_gitem-zone-mini\"><\/div><\/div><\/div><div class=\"vc_gitem-zone vc_gitem-zone-c\"><div class=\"vc_gitem-zone-mini\"><div class=\"vc_gitem_row vc_row vc_gitem-row-position-top\"><div class=\"vc_col-sm-12 vc_gitem-col vc_gitem-col-align- vc_custom_1568128525495\"><div class=\"vc_custom_heading titre-grille-article vc_gitem-post-data vc_gitem-post-data-source-post_title\" ><h4 style=\"text-align: center\" ><a href=\"https:\/\/afrique.inexence.group\/en\/amenagements-paysagers\/\" class=\"vc_gitem-link\" title=\"Landscaping\">Landscaping<\/a><\/h4><\/div><div class=\"vc_custom_heading vc_gitem-post-data vc_gitem-post-data-source-post_excerpt\" ><div style=\"text-align: justify\" ><p>La synergie des activit\u00e9s au sein de INEXENCE Group cr\u00e9e les conditions de la mise en commun des comp\u00e9tences et des savoir-faire de chaque entit\u00e9. Cela permet aux collaborateurs du Groupe de proposer \u00e0 leurs clients des solutions d\u2019am\u00e9nagement originales et novatrices telles que : sout\u00e8nements paysagers, mobiliers urbains, habillage de fa\u00e7ade, \u00e9l\u00e9ments de d\u00e9coration de jardin et d&rsquo;espaces publics&#8230;\u00a0&hellip;<\/p>\n<\/div><\/div><div class=\"vc_btn3-container vc_btn3-center\"><a class=\"vc_general vc_btn3 vc_btn3-size-md vc_btn3-shape-square vc_btn3-style-flat vc_btn3-color-black\" a href=\"https:\/\/afrique.inexence.group\/en\/amenagements-paysagers\/\" title=\"Read more\">Read more<\/a><\/div><\/div><\/div><\/div><\/div><\/div><div class=\"vc_clearfix\"><\/div><\/div><div class=\"vc_grid-item vc_clearfix vc_col-sm-4 vc_grid-item-zone-c-bottom\"><div class=\"vc_grid-item-mini vc_clearfix\"><div class=\"vc_gitem-animated-block  vc_gitem-animate vc_gitem-animate-scaleIn\"  data-vc-animation=\"scaleIn\"><div class=\"vc_gitem-zone vc_gitem-zone-a articles vc-gitem-zone-height-mode-auto vc-gitem-zone-height-mode-auto-16-9 vc_gitem-is-link\" style=\"background-image: url('https:\/\/afrique.inexence.group\/wp-content\/uploads\/sites\/15\/2019\/02\/Gabions-soute\u0300nement-1024x768.jpg') !important;\"><a href=\"https:\/\/afrique.inexence.group\/en\/mur-poids\/\" title=\"Gravity walls\" class=\"vc_gitem-link vc-zone-link\" ><\/a><img decoding=\"async\" class=\"vc_gitem-zone-img\" src=\"https:\/\/afrique.inexence.group\/wp-content\/uploads\/sites\/15\/2019\/02\/Gabions-soute\u0300nement-1024x768.jpg\" alt=\"Gabions-soute\u0300nement\" loading=\"lazy\"><div class=\"vc_gitem-zone-mini\"><\/div><\/div><\/div><div class=\"vc_gitem-zone vc_gitem-zone-c\"><div class=\"vc_gitem-zone-mini\"><div class=\"vc_gitem_row vc_row vc_gitem-row-position-top\"><div class=\"vc_col-sm-12 vc_gitem-col vc_gitem-col-align- vc_custom_1568128525495\"><div class=\"vc_custom_heading titre-grille-article vc_gitem-post-data vc_gitem-post-data-source-post_title\" ><h4 style=\"text-align: center\" ><a href=\"https:\/\/afrique.inexence.group\/en\/mur-poids\/\" class=\"vc_gitem-link\" title=\"Gravity walls\">Gravity walls<\/a><\/h4><\/div><div class=\"vc_custom_heading vc_gitem-post-data vc_gitem-post-data-source-post_excerpt\" ><div style=\"text-align: justify\" ><p>Gravity walls are used in infrastructure, landscape or urban projects for the construction of retaining walls. The sometimes rugged relief of some west African landscapes (such as the city of Abidjan for example) creates the need to build these gravity walls for the development of land and infrastructure (roads, railways, etc.). Industrial and mining sites (e.g. crushers) also require support, sometimes at great heights...<\/p>\n<\/div><\/div><div class=\"vc_btn3-container vc_btn3-center\"><a class=\"vc_general vc_btn3 vc_btn3-size-md vc_btn3-shape-square vc_btn3-style-flat vc_btn3-color-black\" a href=\"https:\/\/afrique.inexence.group\/en\/mur-poids\/\" title=\"Read more\">Read more<\/a><\/div><\/div><\/div><\/div><\/div><\/div><div class=\"vc_clearfix\"><\/div><\/div><div class=\"vc_grid-item vc_clearfix vc_col-sm-4 vc_grid-item-zone-c-bottom\"><div class=\"vc_grid-item-mini vc_clearfix\"><div class=\"vc_gitem-animated-block  vc_gitem-animate vc_gitem-animate-scaleIn\"  data-vc-animation=\"scaleIn\"><div class=\"vc_gitem-zone vc_gitem-zone-a articles vc-gitem-zone-height-mode-auto vc-gitem-zone-height-mode-auto-16-9 vc_gitem-is-link\" style=\"background-image: url('https:\/\/afrique.inexence.group\/wp-content\/uploads\/sites\/15\/2019\/02\/protection-berges-1024x498.jpg') !important;\"><a href=\"https:\/\/afrique.inexence.group\/en\/berges-digues-et-barrages\/\" title=\"Shores, dikes and dams\" class=\"vc_gitem-link vc-zone-link\" ><\/a><img decoding=\"async\" class=\"vc_gitem-zone-img\" src=\"https:\/\/afrique.inexence.group\/wp-content\/uploads\/sites\/15\/2019\/02\/protection-berges-1024x498.jpg\" alt=\"protection-berges\" loading=\"lazy\"><div class=\"vc_gitem-zone-mini\"><\/div><\/div><\/div><div class=\"vc_gitem-zone vc_gitem-zone-c\"><div class=\"vc_gitem-zone-mini\"><div class=\"vc_gitem_row vc_row vc_gitem-row-position-top\"><div class=\"vc_col-sm-12 vc_gitem-col vc_gitem-col-align- vc_custom_1568128525495\"><div class=\"vc_custom_heading titre-grille-article vc_gitem-post-data vc_gitem-post-data-source-post_title\" ><h4 style=\"text-align: center\" ><a href=\"https:\/\/afrique.inexence.group\/en\/berges-digues-et-barrages\/\" class=\"vc_gitem-link\" title=\"Shores, dikes and dams\">Shores, dikes and dams<\/a><\/h4><\/div><div class=\"vc_custom_heading vc_gitem-post-data vc_gitem-post-data-source-post_excerpt\" ><div style=\"text-align: justify\" ><p>All of west Africa is characterized by abundant rainfall during winter. Rainwater flows down to gullies and rivers, forming torrents that can wash away everything in their path. To mitigate the risks generated by this recurrent hydraulic problem, we benefit from expertise in river management and protection, river containment, hydraulic erosion control and energy dissipation...<\/p>\n<\/div><\/div><div class=\"vc_btn3-container vc_btn3-center\"><a class=\"vc_general vc_btn3 vc_btn3-size-md vc_btn3-shape-square vc_btn3-style-flat vc_btn3-color-black\" a href=\"https:\/\/afrique.inexence.group\/en\/berges-digues-et-barrages\/\" title=\"Read more\">Read more<\/a><\/div><\/div><\/div><\/div><\/div><\/div><div class=\"vc_clearfix\"><\/div><\/div><div class=\"vc_grid-item vc_clearfix vc_col-sm-4 vc_grid-item-zone-c-bottom\"><div class=\"vc_grid-item-mini vc_clearfix\"><div class=\"vc_gitem-animated-block  vc_gitem-animate vc_gitem-animate-scaleIn\"  data-vc-animation=\"scaleIn\"><div class=\"vc_gitem-zone vc_gitem-zone-a articles vc-gitem-zone-height-mode-auto vc-gitem-zone-height-mode-auto-16-9 vc_gitem-is-link\" style=\"background-image: url('https:\/\/afrique.inexence.group\/wp-content\/uploads\/sites\/15\/2019\/02\/Protection-de-berges-1024x768.jpg') !important;\"><a href=\"https:\/\/afrique.inexence.group\/en\/zone-littorale\/\" title=\"Coastal zone\" class=\"vc_gitem-link vc-zone-link\" ><\/a><img decoding=\"async\" class=\"vc_gitem-zone-img\" src=\"https:\/\/afrique.inexence.group\/wp-content\/uploads\/sites\/15\/2019\/02\/Protection-de-berges-1024x768.jpg\" alt=\"Protection-de-berges\" loading=\"lazy\"><div class=\"vc_gitem-zone-mini\"><\/div><\/div><\/div><div class=\"vc_gitem-zone vc_gitem-zone-c\"><div class=\"vc_gitem-zone-mini\"><div class=\"vc_gitem_row vc_row vc_gitem-row-position-top\"><div class=\"vc_col-sm-12 vc_gitem-col vc_gitem-col-align- vc_custom_1568128525495\"><div class=\"vc_custom_heading titre-grille-article vc_gitem-post-data vc_gitem-post-data-source-post_title\" ><h4 style=\"text-align: center\" ><a href=\"https:\/\/afrique.inexence.group\/en\/zone-littorale\/\" class=\"vc_gitem-link\" title=\"Coastal zone\">Coastal zone<\/a><\/h4><\/div><div class=\"vc_custom_heading vc_gitem-post-data vc_gitem-post-data-source-post_excerpt\" ><div style=\"text-align: justify\" ><p>Les c\u00f4tes Africaines sont soumises \u00e0 de fortes contraintes et agressions de l&rsquo;oc\u00e9an pendant les \u00e9pisodes de houle, et de mani\u00e8re encore plus aig\u00fce avec le d\u00e9r\u00e8glement climatique. Dans une moindre mesure, on observe les m\u00eames ph\u00e9nom\u00e8nes dans les milieux lagunaires. Nous intervenons de mani\u00e8re pr\u00e9ventive avec une gamme de solutions \u00e0 partir de g\u00e9o-synth\u00e9tiques, matelas et gabions dont les&hellip;<\/p>\n<\/div><\/div><div class=\"vc_btn3-container vc_btn3-center\"><a class=\"vc_general vc_btn3 vc_btn3-size-md vc_btn3-shape-square vc_btn3-style-flat vc_btn3-color-black\" a href=\"https:\/\/afrique.inexence.group\/en\/zone-littorale\/\" title=\"Read more\">Read more<\/a><\/div><\/div><\/div><\/div><\/div><\/div><div class=\"vc_clearfix\"><\/div><\/div><div class=\"vc_grid-item vc_clearfix vc_col-sm-4 vc_grid-item-zone-c-bottom\"><div class=\"vc_grid-item-mini vc_clearfix\"><div class=\"vc_gitem-animated-block  vc_gitem-animate vc_gitem-animate-scaleIn\"  data-vc-animation=\"scaleIn\"><div class=\"vc_gitem-zone vc_gitem-zone-a articles vc-gitem-zone-height-mode-auto vc-gitem-zone-height-mode-auto-16-9 vc_gitem-is-link\" style=\"background-image: url('https:\/\/afrique.inexence.group\/wp-content\/uploads\/sites\/15\/2019\/02\/mur-poids-1024x685.jpg') !important;\"><a href=\"https:\/\/afrique.inexence.group\/en\/culees-de-ponts-remblais-renforces\/\" title=\"Bridge abutments \/ Reinforced backfill\" class=\"vc_gitem-link vc-zone-link\" ><\/a><img decoding=\"async\" class=\"vc_gitem-zone-img\" src=\"https:\/\/afrique.inexence.group\/wp-content\/uploads\/sites\/15\/2019\/02\/mur-poids-1024x685.jpg\" alt=\"record hauteur mur gabion\" loading=\"lazy\"><div class=\"vc_gitem-zone-mini\"><\/div><\/div><\/div><div class=\"vc_gitem-zone vc_gitem-zone-c\"><div class=\"vc_gitem-zone-mini\"><div class=\"vc_gitem_row vc_row vc_gitem-row-position-top\"><div class=\"vc_col-sm-12 vc_gitem-col vc_gitem-col-align- vc_custom_1568128525495\"><div class=\"vc_custom_heading titre-grille-article vc_gitem-post-data vc_gitem-post-data-source-post_title\" ><h4 style=\"text-align: center\" ><a href=\"https:\/\/afrique.inexence.group\/en\/culees-de-ponts-remblais-renforces\/\" class=\"vc_gitem-link\" title=\"Bridge abutments \/ Reinforced backfill\">Bridge abutments \/ Reinforced backfill<\/a><\/h4><\/div><div class=\"vc_custom_heading vc_gitem-post-data vc_gitem-post-data-source-post_excerpt\" ><div style=\"text-align: justify\" ><p>Reinforced backfill walls are used in infrastructure or platform construction projects for the construction of retaining walls and stiffened embankments. They consist of a gabion facade and a technical backfill in which reinforcement layers are inserted between the backfill layers. This solution provides very high roof supports...<\/p>\n<\/div><\/div><div class=\"vc_btn3-container vc_btn3-center\"><a class=\"vc_general vc_btn3 vc_btn3-size-md vc_btn3-shape-square vc_btn3-style-flat vc_btn3-color-black\" a href=\"https:\/\/afrique.inexence.group\/en\/culees-de-ponts-remblais-renforces\/\" title=\"Read more\">Read more<\/a><\/div><\/div><\/div><\/div><\/div><\/div><div class=\"vc_clearfix\"><\/div><\/div><\/div><div class=\"vc_pageable-load-more-btn\" data-vc-grid-load-more-btn=\"true\"><div class=\"vc_btn3-container  vc_grid-btn-load_more vc_btn3-inline\"><a href=\"javascript:;\" class=\"vc_general vc_btn3 vc_btn3-size-md vc_btn3-shape-rounded vc_btn3-style-flat vc_btn3-color-default\"  title=\"Load more\">Load more<\/a><\/div><\/div><\/div>\n\t<\/div>\n<\/div><\/div><\/div><\/div><\/div>\n<\/div>","protected":false},"excerpt":{"rendered":"Solutions de lutte contre l\u2019\u00e9rosion et protection des berges issues du G\u00e9nie V\u00e9g\u00e9tal3 entreprises Ivoiriennes, avec l\u2019aide de l\u2019Universit\u00e9 Houphou\u00ebt Boigny, ont d\u00e9cid\u00e9 de s\u2019unir pour vous offrir des Solutions Innovantes de : Lutte contre l\u2019Erosion des Pentes et Talus Protection des Berges de cours d\u2019Eau, de Canaux et de Zones Lagunaires Am\u00e9nagement d\u2019Espaces verts Ces solutions issues du G\u00e9nie&hellip;","protected":false},"author":1,"featured_media":0,"parent":0,"menu_order":0,"comment_status":"closed","ping_status":"closed","template":"","meta":{"inline_featured_image":false,"footnotes":""},"class_list":["post-961","page","type-page","status-publish","hentry"],"yoast_head":"<!-- This site is optimized with the Yoast SEO plugin v24.1 - https:\/\/yoast.com\/wordpress\/plugins\/seo\/ -->\n<title>Nos Comp\u00e9tences - INEXENCE R\u00e9alisation - Afrique<\/title>\n<meta name=\"description\" content=\"Nos comp\u00e9tences : am\u00e9nagements paysagers, ouvrages de sout\u00e8nement, protection de berges digues et barrages, protection de zone littorale.\" \/>\n<meta name=\"robots\" content=\"index, follow, max-snippet:-1, max-image-preview:large, max-video-preview:-1\" \/>\n<link rel=\"canonical\" href=\"https:\/\/afrique.inexence.group\/en\/competences\/\" \/>\n<meta property=\"og:locale\" content=\"en_GB\" \/>\n<meta property=\"og:type\" content=\"article\" \/>\n<meta property=\"og:title\" content=\"Nos Comp\u00e9tences - INEXENCE R\u00e9alisation - Afrique\" \/>\n<meta property=\"og:description\" content=\"Nos comp\u00e9tences : am\u00e9nagements paysagers, ouvrages de sout\u00e8nement, protection de berges digues et barrages, protection de zone littorale.\" \/>\n<meta property=\"og:url\" content=\"https:\/\/afrique.inexence.group\/en\/competences\/\" \/>\n<meta property=\"og:site_name\" content=\"INEXENCE R\u00e9alisation - Afrique\" \/>\n<meta property=\"article:modified_time\" content=\"2020-07-31T14:17:47+00:00\" \/>\n<meta name=\"twitter:card\" content=\"summary_large_image\" \/>\n<script type=\"application\/ld+json\" class=\"yoast-schema-graph\">{\"@context\":\"https:\/\/schema.org\",\"@graph\":[{\"@type\":\"WebPage\",\"@id\":\"https:\/\/afrique.inexence.group\/competences\/\",\"url\":\"https:\/\/afrique.inexence.group\/competences\/\",\"name\":\"Nos Comp\u00e9tences - INEXENCE R\u00e9alisation - Afrique\",\"isPartOf\":{\"@id\":\"https:\/\/afrique.inexence.group\/#website\"},\"datePublished\":\"2019-09-10T15:16:54+00:00\",\"dateModified\":\"2020-07-31T14:17:47+00:00\",\"description\":\"Nos comp\u00e9tences : am\u00e9nagements paysagers, ouvrages de sout\u00e8nement, protection de berges digues et barrages, protection de zone littorale.\",\"breadcrumb\":{\"@id\":\"https:\/\/afrique.inexence.group\/competences\/#breadcrumb\"},\"inLanguage\":\"en-GB\",\"potentialAction\":[{\"@type\":\"ReadAction\",\"target\":[\"https:\/\/afrique.inexence.group\/competences\/\"]}]},{\"@type\":\"BreadcrumbList\",\"@id\":\"https:\/\/afrique.inexence.group\/competences\/#breadcrumb\",\"itemListElement\":[{\"@type\":\"ListItem\",\"position\":1,\"name\":\"Accueil\",\"item\":\"https:\/\/afrique.inexence.group\/\"},{\"@type\":\"ListItem\",\"position\":2,\"name\":\"Nos Comp\u00e9tences\"}]},{\"@type\":\"WebSite\",\"@id\":\"https:\/\/afrique.inexence.group\/#website\",\"url\":\"https:\/\/afrique.inexence.group\/\",\"name\":\"INEXENCE R\u00e9alisation - Afrique\",\"description\":\"\",\"publisher\":{\"@id\":\"https:\/\/afrique.inexence.group\/#organization\"},\"potentialAction\":[{\"@type\":\"SearchAction\",\"target\":{\"@type\":\"EntryPoint\",\"urlTemplate\":\"https:\/\/afrique.inexence.group\/?s={search_term_string}\"},\"query-input\":{\"@type\":\"PropertyValueSpecification\",\"valueRequired\":true,\"valueName\":\"search_term_string\"}}],\"inLanguage\":\"en-GB\"},{\"@type\":\"Organization\",\"@id\":\"https:\/\/afrique.inexence.group\/#organization\",\"name\":\"INEXENCE R\u00e9alisation - Afrique\",\"url\":\"https:\/\/afrique.inexence.group\/\",\"logo\":{\"@type\":\"ImageObject\",\"inLanguage\":\"en-GB\",\"@id\":\"https:\/\/afrique.inexence.group\/#\/schema\/logo\/image\/\",\"url\":\"https:\/\/afrique.inexence.group\/wp-content\/uploads\/sites\/15\/2019\/07\/Logo-Inexence-Realisation-Afrique.png\",\"contentUrl\":\"https:\/\/afrique.inexence.group\/wp-content\/uploads\/sites\/15\/2019\/07\/Logo-Inexence-Realisation-Afrique.png\",\"width\":1094,\"height\":930,\"caption\":\"INEXENCE R\u00e9alisation - Afrique\"},\"image\":{\"@id\":\"https:\/\/afrique.inexence.group\/#\/schema\/logo\/image\/\"}}]}<\/script>\n<!-- \/ Yoast SEO plugin. -->","yoast_head_json":{"title":"Nos Comp\u00e9tences - INEXENCE R\u00e9alisation - Afrique","description":"Nos comp\u00e9tences : am\u00e9nagements paysagers, ouvrages de sout\u00e8nement, protection de berges digues et barrages, protection de zone littorale.","robots":{"index":"index","follow":"follow","max-snippet":"max-snippet:-1","max-image-preview":"max-image-preview:large","max-video-preview":"max-video-preview:-1"},"canonical":"https:\/\/afrique.inexence.group\/en\/competences\/","og_locale":"en_GB","og_type":"article","og_title":"Nos Comp\u00e9tences - INEXENCE R\u00e9alisation - Afrique","og_description":"Nos comp\u00e9tences : am\u00e9nagements paysagers, ouvrages de sout\u00e8nement, protection de berges digues et barrages, protection de zone littorale.","og_url":"https:\/\/afrique.inexence.group\/en\/competences\/","og_site_name":"INEXENCE R\u00e9alisation - Afrique","article_modified_time":"2020-07-31T14:17:47+00:00","twitter_card":"summary_large_image","schema":{"@context":"https:\/\/schema.org","@graph":[{"@type":"WebPage","@id":"https:\/\/afrique.inexence.group\/competences\/","url":"https:\/\/afrique.inexence.group\/competences\/","name":"Nos Comp\u00e9tences - INEXENCE R\u00e9alisation - Afrique","isPartOf":{"@id":"https:\/\/afrique.inexence.group\/#website"},"datePublished":"2019-09-10T15:16:54+00:00","dateModified":"2020-07-31T14:17:47+00:00","description":"Nos comp\u00e9tences : am\u00e9nagements paysagers, ouvrages de sout\u00e8nement, protection de berges digues et barrages, protection de zone littorale.","breadcrumb":{"@id":"https:\/\/afrique.inexence.group\/competences\/#breadcrumb"},"inLanguage":"en-GB","potentialAction":[{"@type":"ReadAction","target":["https:\/\/afrique.inexence.group\/competences\/"]}]},{"@type":"BreadcrumbList","@id":"https:\/\/afrique.inexence.group\/competences\/#breadcrumb","itemListElement":[{"@type":"ListItem","position":1,"name":"Accueil","item":"https:\/\/afrique.inexence.group\/"},{"@type":"ListItem","position":2,"name":"Nos Comp\u00e9tences"}]},{"@type":"WebSite","@id":"https:\/\/afrique.inexence.group\/#website","url":"https:\/\/afrique.inexence.group\/","name":"INEXENCE R\u00e9alisation - Afrique","description":"","publisher":{"@id":"https:\/\/afrique.inexence.group\/#organization"},"potentialAction":[{"@type":"SearchAction","target":{"@type":"EntryPoint","urlTemplate":"https:\/\/afrique.inexence.group\/?s={search_term_string}"},"query-input":{"@type":"PropertyValueSpecification","valueRequired":true,"valueName":"search_term_string"}}],"inLanguage":"en-GB"},{"@type":"Organization","@id":"https:\/\/afrique.inexence.group\/#organization","name":"INEXENCE R\u00e9alisation - Afrique","url":"https:\/\/afrique.inexence.group\/","logo":{"@type":"ImageObject","inLanguage":"en-GB","@id":"https:\/\/afrique.inexence.group\/#\/schema\/logo\/image\/","url":"https:\/\/afrique.inexence.group\/wp-content\/uploads\/sites\/15\/2019\/07\/Logo-Inexence-Realisation-Afrique.png","contentUrl":"https:\/\/afrique.inexence.group\/wp-content\/uploads\/sites\/15\/2019\/07\/Logo-Inexence-Realisation-Afrique.png","width":1094,"height":930,"caption":"INEXENCE R\u00e9alisation - Afrique"},"image":{"@id":"https:\/\/afrique.inexence.group\/#\/schema\/logo\/image\/"}}]}},"_links":{"self":[{"href":"https:\/\/afrique.inexence.group\/en\/wp-json\/wp\/v2\/pages\/961","targetHints":{"allow":["GET"]}}],"collection":[{"href":"https:\/\/afrique.inexence.group\/en\/wp-json\/wp\/v2\/pages"}],"about":[{"href":"https:\/\/afrique.inexence.group\/en\/wp-json\/wp\/v2\/types\/page"}],"author":[{"embeddable":true,"href":"https:\/\/afrique.inexence.group\/en\/wp-json\/wp\/v2\/users\/1"}],"replies":[{"embeddable":true,"href":"https:\/\/afrique.inexence.group\/en\/wp-json\/wp\/v2\/comments?post=961"}],"version-history":[{"count":0,"href":"https:\/\/afrique.inexence.group\/en\/wp-json\/wp\/v2\/pages\/961\/revisions"}],"wp:attachment":[{"href":"https:\/\/afrique.inexence.group\/en\/wp-json\/wp\/v2\/media?parent=961"}],"curies":[{"name":"wp","href":"https:\/\/api.w.org\/{rel}","templated":true}]}}