{"id":93,"date":"2017-05-31T08:28:08","date_gmt":"2017-05-31T08:28:08","guid":{"rendered":"http:\/\/oi.inexence.group\/?page_id=93"},"modified":"2023-11-15T23:27:39","modified_gmt":"2023-11-15T22:27:39","slug":"contacts","status":"publish","type":"page","link":"https:\/\/afrique.inexence.group\/en\/contacts\/","title":{"rendered":"Contact"},"content":{"rendered":"<div class=\"wpb-content-wrapper\"><div class=\"vc_row wpb_row vc_row-fluid vc_custom_1567777079945\"><div class=\"wpb_column vc_column_container vc_col-sm-3 sc_layouts_column_icons_position_left\"><div class=\"vc_column-inner vc_custom_1549647638546\"><div class=\"wpb_wrapper\"><div id=\"sc_title_458402830\"\n\t\tclass=\"sc_title color_style_default sc_title_default pagecontact  vc_custom_1567776990896\"><h6 class=\"sc_item_subtitle sc_title_subtitle sc_align_left sc_item_title_style_default\">Need additional information ?<\/h6><h3 class=\"sc_item_title sc_title_title sc_align_left sc_item_title_style_default\">Contact Us<\/h3><\/div><!-- \/.sc_title --><\/div><\/div><\/div><div class=\"wpb_column vc_column_container vc_col-sm-9 vc_col-has-fill sc_layouts_column_icons_position_left\"><div class=\"vc_column-inner vc_custom_1558524486093\"><div class=\"wpb_wrapper\">\n<div class=\"wpcf7 no-js\" id=\"wpcf7-f583-o1\" lang=\"en-US\" dir=\"ltr\" data-wpcf7-id=\"583\">\n<div class=\"screen-reader-response\"><p role=\"status\" aria-live=\"polite\" aria-atomic=\"true\"><\/p> <ul><\/ul><\/div>\n<form action=\"\/en\/wp-json\/wp\/v2\/pages\/93#wpcf7-f583-o1\" method=\"post\" class=\"wpcf7-form init\" aria-label=\"Contact form\" novalidate=\"novalidate\" data-status=\"init\" data-trp-original-action=\"\/en\/wp-json\/wp\/v2\/pages\/93#wpcf7-f583-o1\">\n<div style=\"display: none;\">\n<input type=\"hidden\" name=\"_wpcf7\" value=\"583\" \/>\n<input type=\"hidden\" name=\"_wpcf7_version\" value=\"6.0.2\" \/>\n<input type=\"hidden\" name=\"_wpcf7_locale\" value=\"en_US\" \/>\n<input type=\"hidden\" name=\"_wpcf7_unit_tag\" value=\"wpcf7-f583-o1\" \/>\n<input type=\"hidden\" name=\"_wpcf7_container_post\" value=\"0\" \/>\n<input type=\"hidden\" name=\"_wpcf7_posted_data_hash\" value=\"\" \/>\n<input type=\"hidden\" name=\"_wpcf7_recaptcha_response\" value=\"\" \/>\n<\/div>\n<div class=\"flex\">\n\t<div class='itm row' >\n\t\t<p><span class=\"wpcf7-form-control-wrap\" data-name=\"your-name\"><input size=\"40\" maxlength=\"400\" class=\"wpcf7-form-control wpcf7-text wpcf7-validates-as-required\" aria-required=\"true\" aria-invalid=\"false\" placeholder=\"Your Name*\" value=\"\" type=\"text\" name=\"your-name\" \/><\/span>\n\t\t<\/p>\n\t<\/div>\n\t<div class='itm row'>\n\t\t<p><span class=\"wpcf7-form-control-wrap\" data-name=\"your-email\"><input size=\"40\" maxlength=\"400\" class=\"wpcf7-form-control wpcf7-text wpcf7-validates-as-required\" aria-required=\"true\" aria-invalid=\"false\" placeholder=\"Your e-mail*\" value=\"\" type=\"text\" name=\"your-email\" \/><\/span>\n\t\t<\/p>\n\t<\/div>\n\t<div class='itm row'>\n\t\t<p><span class=\"wpcf7-form-control-wrap\" data-name=\"your-tel\"><input size=\"40\" maxlength=\"400\" class=\"wpcf7-form-control wpcf7-text\" aria-invalid=\"false\" placeholder=\"Your Phone\" value=\"\" type=\"text\" name=\"your-tel\" \/><\/span>\n\t\t<\/p>\n\t<\/div>\n\t<div class='itm row' >\n\t\t<p><span class=\"wpcf7-form-control-wrap\" data-name=\"your-subject\"><input size=\"40\" maxlength=\"400\" class=\"wpcf7-form-control wpcf7-text wpcf7-validates-as-required\" aria-required=\"true\" aria-invalid=\"false\" placeholder=\"Object*\" value=\"\" type=\"text\" name=\"your-subject\" \/><\/span>\n\t\t<\/p>\n\t<\/div>\n\t<div class='itm row'>\n\t\t<p><span class=\"wpcf7-form-control-wrap\" data-name=\"checkbox-450\"><span class=\"wpcf7-form-control wpcf7-checkbox casedevis\"><span class=\"wpcf7-list-item first last\"><span class=\"wpcf7-list-item-label\">Request a quote<\/span><input type=\"checkbox\" name=\"checkbox-450[]\" value=\"Demande de devis\" \/><\/span><\/span><\/span>\n\t\t<\/p>\n\t<\/div>\n\t<div class=''>\n\t\t<p><span class=\"wpcf7-form-control-wrap\" data-name=\"your-message\"><textarea cols=\"40\" rows=\"10\" maxlength=\"2000\" class=\"wpcf7-form-control wpcf7-textarea wpcf7-validates-as-required\" aria-required=\"true\" aria-invalid=\"false\" placeholder=\"Your message*\" name=\"your-message\"><\/textarea><\/span>\n\t\t<\/p>\n\t<\/div>\n\t<div class='donnees'>\n\t\t<p><span class=\"wpcf7-form-control-wrap\" data-name=\"acceptance-157\"><span class=\"wpcf7-form-control wpcf7-acceptance\"><span class=\"wpcf7-list-item\"><label><input type=\"checkbox\" name=\"acceptance-157\" value=\"1\" aria-invalid=\"false\" \/><span class=\"wpcf7-list-item-label\">J'accepte que les donn\u00e9es saisies soient utilis\u00e9es pour me contacter dans le cadre de ma demande conform\u00e9ment \u00e0 notre <a href=\"https:\/\/inexence.group\/politique-de-confidentialite\/\" target=\"_blank\">politique de confidentialit\u00e9<\/a><\/span><\/label><\/span><\/span><\/span>\n\t\t<\/p>\n\t<\/div>\n\t<div class=\"sc_form_field sc_form_field_button inited\">\n\t\t<p><input class=\"wpcf7-form-control wpcf7-submit has-spinner\" type=\"submit\" value=\"Send\" \/>\n\t\t<\/p>\n\t<\/div>\n<\/div><div class=\"wpcf7-response-output\" aria-hidden=\"true\"><\/div>\n<input type=\"hidden\" name=\"trp-form-language\" value=\"en\"\/><\/form>\n<\/div>\n<\/div><\/div><\/div><\/div><div class=\"vc_row wpb_row vc_row-fluid vc_custom_1558523429435\"><div class=\"wpb_column vc_column_container vc_col-sm-4 sc_layouts_column_icons_position_left\"><div class=\"vc_column-inner vc_custom_1558524757045\"><div class=\"wpb_wrapper\">\n\t<div class=\"wpb_text_column wpb_content_element\" >\n\t\t<div class=\"wpb_wrapper\">\n\t\t\t<h6 style=\"text-align: center\">Find Us<\/h6>\n<div class=\"wpb_text_column wpb_content_element vc_custom_1563198834154\">\n<div class=\"wpb_wrapper\">\n<p style=\"text-align: center\">Immeuble Alisco, Rue Fleming, Zone 4<br \/>\nABIDJAN &#8211; C\u00d4TE D&rsquo;IVOIRE<\/p>\n<\/div>\n<\/div>\n\n\t\t<\/div>\n\t<\/div>\n<\/div><\/div><\/div><div class=\"wpb_column vc_column_container vc_col-sm-4 sc_layouts_column_icons_position_left\"><div class=\"vc_column-inner vc_custom_1558524764080\"><div class=\"wpb_wrapper\">\n\t<div class=\"wpb_text_column wpb_content_element\" >\n\t\t<div class=\"wpb_wrapper\">\n\t\t\t<h6 style=\"text-align: center\">Phone<\/h6>\n<p style=\"text-align: center\"><a href=\"tel: 225 67 63 30 17\">+225 67 63 30 17<\/a><\/p>\n\n\t\t<\/div>\n\t<\/div>\n<\/div><\/div><\/div><div class=\"wpb_column vc_column_container vc_col-sm-4 sc_layouts_column_icons_position_left\"><div class=\"vc_column-inner vc_custom_1558524769587\"><div class=\"wpb_wrapper\">\n\t<div class=\"wpb_text_column wpb_content_element\" >\n\t\t<div class=\"wpb_wrapper\">\n\t\t\t<h6 style=\"text-align: center\">E-mail<\/h6>\n<p style=\"text-align: center\"><a href=\"mailto:contact@inexence.group?subject=INEXENCE R\u00e9alisation - Afrique\">contact@inexence.group<\/a><\/p>\n\n\t\t<\/div>\n\t<\/div>\n<\/div><\/div><\/div><\/div><div data-vc-full-width=\"true\" data-vc-full-width-init=\"false\" data-vc-stretch-content=\"true\" class=\"vc_row wpb_row vc_row-fluid vc_row-no-padding\"><div class=\"wpb_column vc_column_container vc_col-sm-12 sc_layouts_column_icons_position_left\"><div class=\"vc_column-inner\"><div class=\"wpb_wrapper\">\n\t<div class=\"wpb_text_column wpb_content_element\" >\n\t\t<div class=\"wpb_wrapper\">\n\t\t\t<p><iframe loading=\"lazy\" style=\"border: 0;\" src=\"https:\/\/www.google.com\/maps\/embed?pb=!1m18!1m12!1m3!1d3972.8205021894073!2d-3.980376023692819!3d5.290685736257917!2m3!1f0!2f0!3f0!3m2!1i1024!2i768!4f13.1!3m3!1m2!1s0xfc1ef941062304b%3A0x526d8c15869f78e4!2sSci%20alisco!5e0!3m2!1sfr!2sfr!4v1700087197566!5m2!1sfr!2sfr\" width=\"100%\" height=\"350\" frameborder=\"0\" allowfullscreen=\"allowfullscreen\"><\/iframe><\/p>\n\n\t\t<\/div>\n\t<\/div>\n<\/div><\/div><\/div><\/div><div class=\"vc_row-full-width vc_clearfix\"><\/div>\n<\/div>","protected":false},"excerpt":{"rendered":"Besoin d'informations compl\u00e9mentaires ?Contactez-Nous Demande de devis J'accepte que les donn\u00e9es saisies soient utilis\u00e9es pour me contacter dans le cadre de ma demande conform\u00e9ment \u00e0 notre politique de confidentialit\u00e9 Nous Trouver Immeuble Alisco, Rue Fleming, Zone 4 ABIDJAN - C\u00d4TE D'IVOIRE T\u00e9l\u00e9phone +225 67 63 30 17 Email contact@inexence.group","protected":false},"author":1,"featured_media":0,"parent":0,"menu_order":0,"comment_status":"closed","ping_status":"closed","template":"","meta":{"inline_featured_image":false,"footnotes":""},"class_list":["post-93","page","type-page","status-publish","hentry"],"yoast_head":"<!-- This site is optimized with the Yoast SEO plugin v24.1 - https:\/\/yoast.com\/wordpress\/plugins\/seo\/ -->\n<title>Nos Contacts, T\u00e9l\u00e9phone et mail - INEXENCE R\u00e9alisation - Afrique<\/title>\n<meta name=\"description\" content=\"Voici les contacts pour Inexence R\u00e9alisation Afrique : par t\u00e9l\u00e9phone au +225 67 63 30 17 ou par mail contact@inexence.group.\" \/>\n<meta name=\"robots\" content=\"index, follow, max-snippet:-1, max-image-preview:large, max-video-preview:-1\" \/>\n<link rel=\"canonical\" href=\"https:\/\/afrique.inexence.group\/en\/contacts\/\" \/>\n<meta property=\"og:locale\" content=\"en_GB\" \/>\n<meta property=\"og:type\" content=\"article\" \/>\n<meta property=\"og:title\" content=\"Nos Contacts, T\u00e9l\u00e9phone et mail - INEXENCE R\u00e9alisation - Afrique\" \/>\n<meta property=\"og:description\" content=\"Voici les contacts pour Inexence R\u00e9alisation Afrique : par t\u00e9l\u00e9phone au +225 67 63 30 17 ou par mail contact@inexence.group.\" \/>\n<meta property=\"og:url\" content=\"https:\/\/afrique.inexence.group\/en\/contacts\/\" \/>\n<meta property=\"og:site_name\" content=\"INEXENCE R\u00e9alisation - Afrique\" \/>\n<meta property=\"article:modified_time\" content=\"2023-11-15T22:27:39+00:00\" \/>\n<meta name=\"twitter:card\" content=\"summary_large_image\" \/>\n<meta name=\"twitter:label1\" content=\"Estimated reading time\" \/>\n\t<meta name=\"twitter:data1\" content=\"1 minute\" \/>\n<script type=\"application\/ld+json\" class=\"yoast-schema-graph\">{\"@context\":\"https:\/\/schema.org\",\"@graph\":[{\"@type\":\"WebPage\",\"@id\":\"https:\/\/afrique.inexence.group\/contacts\/\",\"url\":\"https:\/\/afrique.inexence.group\/contacts\/\",\"name\":\"Nos Contacts, T\u00e9l\u00e9phone et mail - INEXENCE R\u00e9alisation - Afrique\",\"isPartOf\":{\"@id\":\"https:\/\/afrique.inexence.group\/#website\"},\"datePublished\":\"2017-05-31T08:28:08+00:00\",\"dateModified\":\"2023-11-15T22:27:39+00:00\",\"description\":\"Voici les contacts pour Inexence R\u00e9alisation Afrique : par t\u00e9l\u00e9phone au +225 67 63 30 17 ou par mail contact@inexence.group.\",\"breadcrumb\":{\"@id\":\"https:\/\/afrique.inexence.group\/contacts\/#breadcrumb\"},\"inLanguage\":\"en-GB\",\"potentialAction\":[{\"@type\":\"ReadAction\",\"target\":[\"https:\/\/afrique.inexence.group\/contacts\/\"]}]},{\"@type\":\"BreadcrumbList\",\"@id\":\"https:\/\/afrique.inexence.group\/contacts\/#breadcrumb\",\"itemListElement\":[{\"@type\":\"ListItem\",\"position\":1,\"name\":\"Accueil\",\"item\":\"https:\/\/afrique.inexence.group\/\"},{\"@type\":\"ListItem\",\"position\":2,\"name\":\"Contact\"}]},{\"@type\":\"WebSite\",\"@id\":\"https:\/\/afrique.inexence.group\/#website\",\"url\":\"https:\/\/afrique.inexence.group\/\",\"name\":\"INEXENCE R\u00e9alisation - Afrique\",\"description\":\"\",\"publisher\":{\"@id\":\"https:\/\/afrique.inexence.group\/#organization\"},\"potentialAction\":[{\"@type\":\"SearchAction\",\"target\":{\"@type\":\"EntryPoint\",\"urlTemplate\":\"https:\/\/afrique.inexence.group\/?s={search_term_string}\"},\"query-input\":{\"@type\":\"PropertyValueSpecification\",\"valueRequired\":true,\"valueName\":\"search_term_string\"}}],\"inLanguage\":\"en-GB\"},{\"@type\":\"Organization\",\"@id\":\"https:\/\/afrique.inexence.group\/#organization\",\"name\":\"INEXENCE R\u00e9alisation - Afrique\",\"url\":\"https:\/\/afrique.inexence.group\/\",\"logo\":{\"@type\":\"ImageObject\",\"inLanguage\":\"en-GB\",\"@id\":\"https:\/\/afrique.inexence.group\/#\/schema\/logo\/image\/\",\"url\":\"https:\/\/afrique.inexence.group\/wp-content\/uploads\/sites\/15\/2019\/07\/Logo-Inexence-Realisation-Afrique.png\",\"contentUrl\":\"https:\/\/afrique.inexence.group\/wp-content\/uploads\/sites\/15\/2019\/07\/Logo-Inexence-Realisation-Afrique.png\",\"width\":1094,\"height\":930,\"caption\":\"INEXENCE R\u00e9alisation - Afrique\"},\"image\":{\"@id\":\"https:\/\/afrique.inexence.group\/#\/schema\/logo\/image\/\"}}]}<\/script>\n<!-- \/ Yoast SEO plugin. -->","yoast_head_json":{"title":"Nos Contacts, T\u00e9l\u00e9phone et mail - INEXENCE R\u00e9alisation - Afrique","description":"Voici les contacts pour Inexence R\u00e9alisation Afrique : par t\u00e9l\u00e9phone au +225 67 63 30 17 ou par mail contact@inexence.group.","robots":{"index":"index","follow":"follow","max-snippet":"max-snippet:-1","max-image-preview":"max-image-preview:large","max-video-preview":"max-video-preview:-1"},"canonical":"https:\/\/afrique.inexence.group\/en\/contacts\/","og_locale":"en_GB","og_type":"article","og_title":"Nos Contacts, T\u00e9l\u00e9phone et mail - INEXENCE R\u00e9alisation - Afrique","og_description":"Voici les contacts pour Inexence R\u00e9alisation Afrique : par t\u00e9l\u00e9phone au +225 67 63 30 17 ou par mail contact@inexence.group.","og_url":"https:\/\/afrique.inexence.group\/en\/contacts\/","og_site_name":"INEXENCE R\u00e9alisation - Afrique","article_modified_time":"2023-11-15T22:27:39+00:00","twitter_card":"summary_large_image","twitter_misc":{"Estimated reading time":"1 minute"},"schema":{"@context":"https:\/\/schema.org","@graph":[{"@type":"WebPage","@id":"https:\/\/afrique.inexence.group\/contacts\/","url":"https:\/\/afrique.inexence.group\/contacts\/","name":"Nos Contacts, T\u00e9l\u00e9phone et mail - INEXENCE R\u00e9alisation - Afrique","isPartOf":{"@id":"https:\/\/afrique.inexence.group\/#website"},"datePublished":"2017-05-31T08:28:08+00:00","dateModified":"2023-11-15T22:27:39+00:00","description":"Voici les contacts pour Inexence R\u00e9alisation Afrique : par t\u00e9l\u00e9phone au +225 67 63 30 17 ou par mail contact@inexence.group.","breadcrumb":{"@id":"https:\/\/afrique.inexence.group\/contacts\/#breadcrumb"},"inLanguage":"en-GB","potentialAction":[{"@type":"ReadAction","target":["https:\/\/afrique.inexence.group\/contacts\/"]}]},{"@type":"BreadcrumbList","@id":"https:\/\/afrique.inexence.group\/contacts\/#breadcrumb","itemListElement":[{"@type":"ListItem","position":1,"name":"Accueil","item":"https:\/\/afrique.inexence.group\/"},{"@type":"ListItem","position":2,"name":"Contact"}]},{"@type":"WebSite","@id":"https:\/\/afrique.inexence.group\/#website","url":"https:\/\/afrique.inexence.group\/","name":"INEXENCE R\u00e9alisation - Afrique","description":"","publisher":{"@id":"https:\/\/afrique.inexence.group\/#organization"},"potentialAction":[{"@type":"SearchAction","target":{"@type":"EntryPoint","urlTemplate":"https:\/\/afrique.inexence.group\/?s={search_term_string}"},"query-input":{"@type":"PropertyValueSpecification","valueRequired":true,"valueName":"search_term_string"}}],"inLanguage":"en-GB"},{"@type":"Organization","@id":"https:\/\/afrique.inexence.group\/#organization","name":"INEXENCE R\u00e9alisation - Afrique","url":"https:\/\/afrique.inexence.group\/","logo":{"@type":"ImageObject","inLanguage":"en-GB","@id":"https:\/\/afrique.inexence.group\/#\/schema\/logo\/image\/","url":"https:\/\/afrique.inexence.group\/wp-content\/uploads\/sites\/15\/2019\/07\/Logo-Inexence-Realisation-Afrique.png","contentUrl":"https:\/\/afrique.inexence.group\/wp-content\/uploads\/sites\/15\/2019\/07\/Logo-Inexence-Realisation-Afrique.png","width":1094,"height":930,"caption":"INEXENCE R\u00e9alisation - Afrique"},"image":{"@id":"https:\/\/afrique.inexence.group\/#\/schema\/logo\/image\/"}}]}},"_links":{"self":[{"href":"https:\/\/afrique.inexence.group\/en\/wp-json\/wp\/v2\/pages\/93","targetHints":{"allow":["GET"]}}],"collection":[{"href":"https:\/\/afrique.inexence.group\/en\/wp-json\/wp\/v2\/pages"}],"about":[{"href":"https:\/\/afrique.inexence.group\/en\/wp-json\/wp\/v2\/types\/page"}],"author":[{"embeddable":true,"href":"https:\/\/afrique.inexence.group\/en\/wp-json\/wp\/v2\/users\/1"}],"replies":[{"embeddable":true,"href":"https:\/\/afrique.inexence.group\/en\/wp-json\/wp\/v2\/comments?post=93"}],"version-history":[{"count":0,"href":"https:\/\/afrique.inexence.group\/en\/wp-json\/wp\/v2\/pages\/93\/revisions"}],"wp:attachment":[{"href":"https:\/\/afrique.inexence.group\/en\/wp-json\/wp\/v2\/media?parent=93"}],"curies":[{"name":"wp","href":"https:\/\/api.w.org\/{rel}","templated":true}]}}